{"id":33,"date":"2014-06-01T08:40:31","date_gmt":"2014-06-01T08:40:31","guid":{"rendered":"http:\/\/trinational2014.sichtweisen.org\/?page_id=33"},"modified":"2014-07-07T21:40:13","modified_gmt":"2014-07-07T21:40:13","slug":"willkommen","status":"publish","type":"page","link":"http:\/\/trinational2014.sichtweisen.org\/?page_id=33","title":{"rendered":"DAS K\u00dcNSTLERTREFFEN"},"content":{"rendered":"<p>Das Trinationale K\u00fcnstlertreffen 2014 ist nach dem Treffen von 2012 das 2. Treffen dieser Art, das in Stein durchgef\u00fchrt wird.<\/p>\n<p>&nbsp;<\/p>\n<p><span style=\"color: #5091b7;\">KURZE BESCHREIBUNG DES TREFFENS<\/span><\/p>\n<p style=\"text-align: justify;\">Vom 2.-13.\u00a0September\u00a02014 werden K\u00fcnstler aus Polen, Frankreich und Deutschland in Stein zusammenkommen um gemeinsam\u00a0zu arbeiten, zu leben, sich kennen und besser verstehen lernen, mehr zu erfahren \u00fcber die Herkunftsregion, die Arbeitsweise und den &#8222;philosophischen&#8220; Hintergrund der Kunstaus\u00fcbung der anderen Teilnehmer, kulturelle Angebote wahrzunehmen und die Stadt Stein und ihren\u00a0Gro\u00dfraum in unterschiedlichen Aspekten\u00a0kennen zu lernen, aber auch etwas gemeinsam zu feiern.\u00a0Am Ende des Treffens wird eine Ausstellung der in Stein geschaffenen Werke stattfinden.\u00a0Wie schon beim TKT 2012 wird auch heuer eine Versteigerung von Werken zugunsten der B\u00fcrgerstiftung Stein stattfinden.<\/p>\n<div id=\"attachment_242\" style=\"width: 911px\" class=\"wp-caption aligncenter\"><a href=\"http:\/\/trinational2014.sichtweisen.org\/wp-content\/uploads\/2014\/06\/Vernissage2012.png\"><img loading=\"lazy\" decoding=\"async\" aria-describedby=\"caption-attachment-242\" class=\"wp-image-242 size-full\" src=\"http:\/\/trinational2014.sichtweisen.org\/wp-content\/uploads\/2014\/06\/Vernissage2012.png\" alt=\"Vernissage2012\" width=\"901\" height=\"300\" srcset=\"http:\/\/trinational2014.sichtweisen.org\/wp-content\/uploads\/2014\/06\/Vernissage2012.png 901w, http:\/\/trinational2014.sichtweisen.org\/wp-content\/uploads\/2014\/06\/Vernissage2012-300x99.png 300w, http:\/\/trinational2014.sichtweisen.org\/wp-content\/uploads\/2014\/06\/Vernissage2012-624x207.png 624w\" sizes=\"auto, (max-width: 901px) 100vw, 901px\" \/><\/a><p id=\"caption-attachment-242\" class=\"wp-caption-text\">Die Teilnehmer des TKT 2012 bei der Vernissage. (Copyright: Joachim Sobczyk)<\/p><\/div>\n<p style=\"text-align: justify;\">Bereits heute laden wir Sie zur Vernissage am 12. September 2014, 18:00 Uhr, Rathaus Stein, herzlich ein.<\/p>\n<p>&nbsp;<\/p>\n<p><span style=\"color: #5091b7;\">DIE IDEE DES TREFFENS<\/span><\/p>\n<p style=\"text-align: justify;\">Im Oktober 2010, also kurz\u00a0nachdem wir (meine Frau Christa John und ich) das erste Mal an einem\u00a0<a style=\"color: #9f9f9f;\" href=\"http:\/\/www.sichtweisen.org\/Puck2010\/\">internationalen K\u00fcnstlertreffen<\/a>\u00a0in Puck (Polen) teilnahmen, hatte ich den Steiner B\u00fcrgermeister, Herrn Kurt Kr\u00f6mer, von der Bereicherung, die K\u00fcnstler von solchen Treffen erfahren, und von der Bedeutung solcher Veranstaltungen f\u00fcr die V\u00f6lkerverst\u00e4ndigung und -partnerschaft berichtet. In diesem Gespr\u00e4ch wurde die Idee, ein solches Treffen auch in Stein \u2013 im j\u00e4hrlichen Wechsel mit der polnischen Partnerstadt Puck \u2013 durchzuf\u00fchren, geboren. Nachfolgend fanden nun eine Reihe von Gespr\u00e4chen u.a. mit auch mit Frau Krystina Buczkowska (Organisatorin von zwischenzeitlich 11 Treffen in Puck und 15 in Torun) statt um die Voraussetzungen zu einem solchen Treffen in Stein zu kl\u00e4ren. In der Folgezeit\u00a0hat sich die Konzeption hin zu einem Trinationalen K\u00fcnstlertreffen mit Teilnehmern aus unseren Nachbarnationen Frankreich und Polen &#8211; bzw. den Partnerschaftsregionen Limousin und Pommern &#8211; und aus Deutschland differenziert.<\/p>\n<p style=\"text-align: justify;\">Das Treffen des Jahre 2012 ist in diesem <a href=\"http:\/\/www.trinational2012.sichtweisen.org\/\">Webblog<\/a> dokumentiert.<\/p>\n","protected":false},"excerpt":{"rendered":"<p>Das Trinationale K\u00fcnstlertreffen 2014 ist nach dem Treffen von 2012 das 2. Treffen dieser Art, das in Stein durchgef\u00fchrt wird. &nbsp; KURZE BESCHREIBUNG DES TREFFENS Vom 2.-13.\u00a0September\u00a02014 werden K\u00fcnstler aus Polen, Frankreich und Deutschland in Stein zusammenkommen um gemeinsam\u00a0zu arbeiten, zu leben, sich kennen und besser verstehen lernen, mehr zu erfahren \u00fcber die Herkunftsregion, die [&hellip;]<\/p>\n","protected":false},"author":1,"featured_media":0,"parent":0,"menu_order":0,"comment_status":"closed","ping_status":"closed","template":"","meta":{"footnotes":""},"class_list":["post-33","page","type-page","status-publish","hentry"],"_links":{"self":[{"href":"http:\/\/trinational2014.sichtweisen.org\/index.php?rest_route=\/wp\/v2\/pages\/33","targetHints":{"allow":["GET"]}}],"collection":[{"href":"http:\/\/trinational2014.sichtweisen.org\/index.php?rest_route=\/wp\/v2\/pages"}],"about":[{"href":"http:\/\/trinational2014.sichtweisen.org\/index.php?rest_route=\/wp\/v2\/types\/page"}],"author":[{"embeddable":true,"href":"http:\/\/trinational2014.sichtweisen.org\/index.php?rest_route=\/wp\/v2\/users\/1"}],"replies":[{"embeddable":true,"href":"http:\/\/trinational2014.sichtweisen.org\/index.php?rest_route=%2Fwp%2Fv2%2Fcomments&post=33"}],"version-history":[{"count":42,"href":"http:\/\/trinational2014.sichtweisen.org\/index.php?rest_route=\/wp\/v2\/pages\/33\/revisions"}],"predecessor-version":[{"id":370,"href":"http:\/\/trinational2014.sichtweisen.org\/index.php?rest_route=\/wp\/v2\/pages\/33\/revisions\/370"}],"wp:attachment":[{"href":"http:\/\/trinational2014.sichtweisen.org\/index.php?rest_route=%2Fwp%2Fv2%2Fmedia&parent=33"}],"curies":[{"name":"wp","href":"https:\/\/api.w.org\/{rel}","templated":true}]}}