{"id":30,"date":"2014-06-01T08:14:50","date_gmt":"2014-06-01T08:14:50","guid":{"rendered":"http:\/\/trinational2014.sichtweisen.org\/?page_id=30"},"modified":"2014-07-10T19:00:21","modified_gmt":"2014-07-10T19:00:21","slug":"impressum","status":"publish","type":"page","link":"http:\/\/trinational2014.sichtweisen.org\/?page_id=30","title":{"rendered":"IMPRESSUM"},"content":{"rendered":"<p><span style=\"color: #5091b7;\">EIGNER DER SITE\/PRESSERECHTLICH VERANTWORTLICHER<\/span><\/p>\n<p style=\"text-align: justify;\"><img loading=\"lazy\" decoding=\"async\" class=\"alignleft wp-image-108 size-thumbnail\" src=\"http:\/\/trinational2014.sichtweisen.org\/wp-content\/uploads\/2014\/06\/Ed-150x150.png\" alt=\"Ed\" width=\"150\" height=\"150\" srcset=\"http:\/\/trinational2014.sichtweisen.org\/wp-content\/uploads\/2014\/06\/Ed-150x150.png 150w, http:\/\/trinational2014.sichtweisen.org\/wp-content\/uploads\/2014\/06\/Ed.png 184w\" sizes=\"auto, (max-width: 150px) 100vw, 150px\" \/>Die Website zum 2. Trinationalen K\u00fcnstlertreffen ist eine private Website des\u00a0Organisators und Leiters des Treffen:<\/p>\n<p>Dr. Edgar Birzer<br \/>\nGerstenstra\u00dfe 3<br \/>\n90547 Stein<br \/>\n<a href=\"mailto:artworkshops@birzer.net\">artworkshops@birzer.net<\/a><\/p>\n<p>&nbsp;<\/p>\n<p><span style=\"color: #5091b7;\">RECHTE<\/span><\/p>\n<p style=\"text-align: justify;\">Alle Rechte an den Texten und Fotos &#8211; au\u00dfer an den entsprechend gekennzeichneten &#8211; liegen bei Dr. Edgar Birzer. Sollte Interesse an einer\u00a0Verwendung der\u00a0Medien bestehen, dann wird um entsprechende Kontaktaufnahme gebeten. Und beachten Sie auch\u00a0die Rechte der anderen Medieneigner.<\/p>\n<p style=\"text-align: justify;\">Sollte diese Website Rechte Dritter beeintr\u00e4chtigen, so wird um umgehende und kosteng\u00fcnstige Information per eMail gebeten. Berechtigten Einw\u00e4nden wird unverz\u00fcglich entsprochen.<\/p>\n","protected":false},"excerpt":{"rendered":"<p>EIGNER DER SITE\/PRESSERECHTLICH VERANTWORTLICHER Die Website zum 2. Trinationalen K\u00fcnstlertreffen ist eine private Website des\u00a0Organisators und Leiters des Treffen: Dr. Edgar Birzer Gerstenstra\u00dfe 3 90547 Stein artworkshops@birzer.net &nbsp; RECHTE Alle Rechte an den Texten und Fotos &#8211; au\u00dfer an den entsprechend gekennzeichneten &#8211; liegen bei Dr. Edgar Birzer. Sollte Interesse an einer\u00a0Verwendung der\u00a0Medien bestehen, dann [&hellip;]<\/p>\n","protected":false},"author":1,"featured_media":0,"parent":0,"menu_order":0,"comment_status":"closed","ping_status":"closed","template":"","meta":{"footnotes":""},"class_list":["post-30","page","type-page","status-publish","hentry"],"_links":{"self":[{"href":"http:\/\/trinational2014.sichtweisen.org\/index.php?rest_route=\/wp\/v2\/pages\/30","targetHints":{"allow":["GET"]}}],"collection":[{"href":"http:\/\/trinational2014.sichtweisen.org\/index.php?rest_route=\/wp\/v2\/pages"}],"about":[{"href":"http:\/\/trinational2014.sichtweisen.org\/index.php?rest_route=\/wp\/v2\/types\/page"}],"author":[{"embeddable":true,"href":"http:\/\/trinational2014.sichtweisen.org\/index.php?rest_route=\/wp\/v2\/users\/1"}],"replies":[{"embeddable":true,"href":"http:\/\/trinational2014.sichtweisen.org\/index.php?rest_route=%2Fwp%2Fv2%2Fcomments&post=30"}],"version-history":[{"count":22,"href":"http:\/\/trinational2014.sichtweisen.org\/index.php?rest_route=\/wp\/v2\/pages\/30\/revisions"}],"predecessor-version":[{"id":443,"href":"http:\/\/trinational2014.sichtweisen.org\/index.php?rest_route=\/wp\/v2\/pages\/30\/revisions\/443"}],"wp:attachment":[{"href":"http:\/\/trinational2014.sichtweisen.org\/index.php?rest_route=%2Fwp%2Fv2%2Fmedia&parent=30"}],"curies":[{"name":"wp","href":"https:\/\/api.w.org\/{rel}","templated":true}]}}